{"id":3264,"date":"2024-02-07T00:53:26","date_gmt":"2024-02-07T03:53:26","guid":{"rendered":"https:\/\/grupocentrosur.cl\/?page_id=3264"},"modified":"2026-01-21T13:02:21","modified_gmt":"2026-01-21T16:02:21","slug":"construccion-de-pisos-industriales","status":"publish","type":"page","link":"https:\/\/grupocentrosur.cl\/index.php\/construccion-de-pisos-industriales\/","title":{"rendered":"Construcci\u00f3n de pisos industriales"},"content":{"rendered":"\t\t<div data-elementor-type=\"wp-page\" data-elementor-id=\"3264\" class=\"elementor elementor-3264\" data-elementor-post-type=\"page\">\n\t\t\t\t\t\t\t\t\t<section class=\"elementor-section elementor-top-section elementor-element elementor-element-250e0b6 elementor-section-boxed elementor-section-height-default elementor-section-height-default\" data-id=\"250e0b6\" data-element_type=\"section\" data-settings=\"{&quot;background_background&quot;:&quot;classic&quot;}\">\n\t\t\t\t\t\t\t<div class=\"elementor-background-overlay\"><\/div>\n\t\t\t\t\t\t\t<div class=\"elementor-container elementor-column-gap-default\">\n\t\t\t\t\t<div class=\"elementor-column elementor-col-50 elementor-top-column elementor-element elementor-element-4ffa45b6\" data-id=\"4ffa45b6\" data-element_type=\"column\">\n\t\t\t<div class=\"elementor-widget-wrap elementor-element-populated\">\n\t\t\t\t\t\t\t\t<div class=\"elementor-element elementor-element-3e866109 elementor-widget elementor-widget-page-title\" data-id=\"3e866109\" data-element_type=\"widget\" data-widget_type=\"page-title.default\">\n\t\t\t\t<div class=\"elementor-widget-container\">\n\t\t\t\t\t\n\t\t<div class=\"hfe-page-title hfe-page-title-wrapper elementor-widget-heading\">\n\n\t\t\t\t\t\t\t\t<h2 class=\"elementor-heading-title elementor-size-default\">\n\t\t\t\t\t\t\t\t\n\t\t\t\tConstrucci\u00f3n de pisos industriales  \n\t\t\t<\/h2 > \n\t\t\t\t\t<\/div>\n\t\t\t\t<\/div>\n\t\t\t\t<\/div>\n\t\t\t\t\t<\/div>\n\t\t<\/div>\n\t\t\t\t<div class=\"elementor-column elementor-col-50 elementor-top-column elementor-element elementor-element-528204b3 elementor-hidden-tablet elementor-hidden-phone\" data-id=\"528204b3\" data-element_type=\"column\">\n\t\t\t<div class=\"elementor-widget-wrap\">\n\t\t\t\t\t\t\t\t\t<\/div>\n\t\t<\/div>\n\t\t\t\t\t\t\t<\/div>\n\t\t<\/section>\n\t\t\t\t<section class=\"elementor-section elementor-top-section elementor-element elementor-element-5332036d elementor-reverse-tablet elementor-reverse-mobile elementor-section-boxed elementor-section-height-default elementor-section-height-default\" data-id=\"5332036d\" data-element_type=\"section\">\n\t\t\t\t\t\t<div class=\"elementor-container elementor-column-gap-default\">\n\t\t\t\t\t<div class=\"elementor-column elementor-col-50 elementor-top-column elementor-element elementor-element-4d586338\" data-id=\"4d586338\" data-element_type=\"column\">\n\t\t\t<div class=\"elementor-widget-wrap elementor-element-populated\">\n\t\t\t\t\t\t\t\t<div class=\"elementor-element elementor-element-b2a4ed7 elementor-widget elementor-widget-heading\" data-id=\"b2a4ed7\" data-element_type=\"widget\" data-widget_type=\"heading.default\">\n\t\t\t\t<div class=\"elementor-widget-container\">\n\t\t\t<h6 class=\"elementor-heading-title elementor-size-default\">Pisos dise\u00f1ados para durar<\/h6>\t\t<\/div>\n\t\t\t\t<\/div>\n\t\t\t\t<div class=\"elementor-element elementor-element-3b8bd816 elementor-widget elementor-widget-text-editor\" data-id=\"3b8bd816\" data-element_type=\"widget\" data-widget_type=\"text-editor.default\">\n\t\t\t\t<div class=\"elementor-widget-container\">\n\t\t\t\t\t\t\t<p>Los pisos industriales que fabricamos en Grupo Centro Sur est\u00e1n dise\u00f1ados para soportar las condiciones m\u00e1s exigentes, combinando durabilidad, resistencia y seguridad. Adaptamos nuestras soluciones a las necesidades espec\u00edficas de cada entorno industrial, utilizando materiales de alta calidad y t\u00e9cnicas avanzadas de instalaci\u00f3n. Nuestros pisos son ideales para una variedad de aplicaciones, desde almacenes y f\u00e1bricas hasta centros log\u00edsticos, ofreciendo un rendimiento excepcional a largo plazo.<\/p>\t\t\t\t\t\t<\/div>\n\t\t\t\t<\/div>\n\t\t\t\t\t<\/div>\n\t\t<\/div>\n\t\t\t\t<div class=\"elementor-column elementor-col-50 elementor-top-column elementor-element elementor-element-62a04176\" data-id=\"62a04176\" data-element_type=\"column\">\n\t\t\t<div class=\"elementor-widget-wrap elementor-element-populated\">\n\t\t\t\t\t\t\t\t<div class=\"elementor-element elementor-element-568cb869 elementor-widget__width-initial elementor-widget elementor-widget-image\" data-id=\"568cb869\" data-element_type=\"widget\" data-widget_type=\"image.default\">\n\t\t\t\t<div class=\"elementor-widget-container\">\n\t\t\t\t\t\t\t\t\t\t\t\t\t\t\t<img fetchpriority=\"high\" decoding=\"async\" width=\"1600\" height=\"900\" src=\"https:\/\/grupocentrosur.cl\/wp-content\/uploads\/2026\/01\/WhatsApp-Image-2026-01-09-at-17.59.28.jpeg\" class=\"attachment-full size-full wp-image-3449\" alt=\"\" srcset=\"https:\/\/grupocentrosur.cl\/wp-content\/uploads\/2026\/01\/WhatsApp-Image-2026-01-09-at-17.59.28.jpeg 1600w, https:\/\/grupocentrosur.cl\/wp-content\/uploads\/2026\/01\/WhatsApp-Image-2026-01-09-at-17.59.28-300x169.jpeg 300w, https:\/\/grupocentrosur.cl\/wp-content\/uploads\/2026\/01\/WhatsApp-Image-2026-01-09-at-17.59.28-1024x576.jpeg 1024w, https:\/\/grupocentrosur.cl\/wp-content\/uploads\/2026\/01\/WhatsApp-Image-2026-01-09-at-17.59.28-768x432.jpeg 768w, https:\/\/grupocentrosur.cl\/wp-content\/uploads\/2026\/01\/WhatsApp-Image-2026-01-09-at-17.59.28-1536x864.jpeg 1536w\" sizes=\"(max-width: 1600px) 100vw, 1600px\" \/>\t\t\t\t\t\t\t\t\t\t\t\t\t\t\t<\/div>\n\t\t\t\t<\/div>\n\t\t\t\t\t<\/div>\n\t\t<\/div>\n\t\t\t\t\t\t\t<\/div>\n\t\t<\/section>\n\t\t<div class=\"elementor-element elementor-element-896fbe4 e-flex e-con-boxed e-con e-parent\" data-id=\"896fbe4\" data-element_type=\"container\" data-settings=\"{&quot;container_type&quot;:&quot;flex&quot;,&quot;content_width&quot;:&quot;boxed&quot;}\" data-core-v316-plus=\"true\">\n\t\t\t\t\t<div class=\"e-con-inner\">\n\t\t\t\t<div class=\"elementor-element elementor-element-13a6c97 elementor-widget-laptop__width-initial elementor-widget elementor-widget-image\" data-id=\"13a6c97\" data-element_type=\"widget\" data-widget_type=\"image.default\">\n\t\t\t\t<div class=\"elementor-widget-container\">\n\t\t\t\t\t\t\t\t\t\t\t\t\t\t\t<img decoding=\"async\" width=\"800\" height=\"600\" src=\"https:\/\/grupocentrosur.cl\/wp-content\/uploads\/2026\/01\/WhatsApp-Image-2026-01-09-at-17.59.21-1-1024x768.jpeg\" class=\"attachment-large size-large wp-image-3450\" alt=\"\" srcset=\"https:\/\/grupocentrosur.cl\/wp-content\/uploads\/2026\/01\/WhatsApp-Image-2026-01-09-at-17.59.21-1-1024x768.jpeg 1024w, https:\/\/grupocentrosur.cl\/wp-content\/uploads\/2026\/01\/WhatsApp-Image-2026-01-09-at-17.59.21-1-300x225.jpeg 300w, https:\/\/grupocentrosur.cl\/wp-content\/uploads\/2026\/01\/WhatsApp-Image-2026-01-09-at-17.59.21-1-768x576.jpeg 768w, https:\/\/grupocentrosur.cl\/wp-content\/uploads\/2026\/01\/WhatsApp-Image-2026-01-09-at-17.59.21-1-1536x1152.jpeg 1536w, https:\/\/grupocentrosur.cl\/wp-content\/uploads\/2026\/01\/WhatsApp-Image-2026-01-09-at-17.59.21-1.jpeg 1600w\" sizes=\"(max-width: 800px) 100vw, 800px\" \/>\t\t\t\t\t\t\t\t\t\t\t\t\t\t\t<\/div>\n\t\t\t\t<\/div>\n\t\t\t\t\t<\/div>\n\t\t\t\t<\/div>\n\t\t\t\t\t\t\t<\/div>\n\t\t","protected":false},"excerpt":{"rendered":"<p>Construcci\u00f3n de pisos industriales Pisos dise\u00f1ados para durar Los pisos industriales que fabricamos en Grupo Centro Sur est\u00e1n dise\u00f1ados para soportar las condiciones m\u00e1s exigentes, combinando durabilidad, resistencia y seguridad. Adaptamos nuestras soluciones a las necesidades espec\u00edficas de cada entorno industrial, utilizando materiales de alta calidad y t\u00e9cnicas avanzadas de instalaci\u00f3n. Nuestros pisos son ideales [&hellip;]<\/p>\n","protected":false},"author":1,"featured_media":0,"parent":0,"menu_order":0,"comment_status":"closed","ping_status":"closed","template":"elementor_header_footer","meta":{"footnotes":""},"class_list":["post-3264","page","type-page","status-publish","hentry"],"_links":{"self":[{"href":"https:\/\/grupocentrosur.cl\/index.php\/wp-json\/wp\/v2\/pages\/3264","targetHints":{"allow":["GET"]}}],"collection":[{"href":"https:\/\/grupocentrosur.cl\/index.php\/wp-json\/wp\/v2\/pages"}],"about":[{"href":"https:\/\/grupocentrosur.cl\/index.php\/wp-json\/wp\/v2\/types\/page"}],"author":[{"embeddable":true,"href":"https:\/\/grupocentrosur.cl\/index.php\/wp-json\/wp\/v2\/users\/1"}],"replies":[{"embeddable":true,"href":"https:\/\/grupocentrosur.cl\/index.php\/wp-json\/wp\/v2\/comments?post=3264"}],"version-history":[{"count":43,"href":"https:\/\/grupocentrosur.cl\/index.php\/wp-json\/wp\/v2\/pages\/3264\/revisions"}],"predecessor-version":[{"id":3651,"href":"https:\/\/grupocentrosur.cl\/index.php\/wp-json\/wp\/v2\/pages\/3264\/revisions\/3651"}],"wp:attachment":[{"href":"https:\/\/grupocentrosur.cl\/index.php\/wp-json\/wp\/v2\/media?parent=3264"}],"curies":[{"name":"wp","href":"https:\/\/api.w.org\/{rel}","templated":true}]}}