{"id":3268,"date":"2024-02-07T00:55:10","date_gmt":"2024-02-07T03:55:10","guid":{"rendered":"https:\/\/grupocentrosur.cl\/?page_id=3268"},"modified":"2026-01-14T21:02:19","modified_gmt":"2026-01-15T00:02:19","slug":"fabricacion-de-remolques","status":"publish","type":"page","link":"https:\/\/grupocentrosur.cl\/index.php\/fabricacion-de-remolques\/","title":{"rendered":"Fabricaci\u00f3n de remolques"},"content":{"rendered":"\t\t<div data-elementor-type=\"wp-page\" data-elementor-id=\"3268\" class=\"elementor elementor-3268\" data-elementor-post-type=\"page\">\n\t\t\t\t\t\t\t\t\t<section class=\"elementor-section elementor-top-section elementor-element elementor-element-15c1899 elementor-section-boxed elementor-section-height-default elementor-section-height-default\" data-id=\"15c1899\" data-element_type=\"section\" data-settings=\"{&quot;background_background&quot;:&quot;classic&quot;}\">\n\t\t\t\t\t\t\t<div class=\"elementor-background-overlay\"><\/div>\n\t\t\t\t\t\t\t<div class=\"elementor-container elementor-column-gap-default\">\n\t\t\t\t\t<div class=\"elementor-column elementor-col-50 elementor-top-column elementor-element elementor-element-7f7230b\" data-id=\"7f7230b\" data-element_type=\"column\">\n\t\t\t<div class=\"elementor-widget-wrap elementor-element-populated\">\n\t\t\t\t\t\t\t\t<div class=\"elementor-element elementor-element-14247cf elementor-widget elementor-widget-page-title\" data-id=\"14247cf\" data-element_type=\"widget\" data-widget_type=\"page-title.default\">\n\t\t\t\t<div class=\"elementor-widget-container\">\n\t\t\t\t\t\n\t\t<div class=\"hfe-page-title hfe-page-title-wrapper elementor-widget-heading\">\n\n\t\t\t\t\t\t\t\t<h2 class=\"elementor-heading-title elementor-size-default\">\n\t\t\t\t\t\t\t\t\n\t\t\t\tFabricaci\u00f3n de remolques  \n\t\t\t<\/h2 > \n\t\t\t\t\t<\/div>\n\t\t\t\t<\/div>\n\t\t\t\t<\/div>\n\t\t\t\t\t<\/div>\n\t\t<\/div>\n\t\t\t\t<div class=\"elementor-column elementor-col-50 elementor-top-column elementor-element elementor-element-04309ed elementor-hidden-tablet elementor-hidden-phone\" data-id=\"04309ed\" data-element_type=\"column\">\n\t\t\t<div class=\"elementor-widget-wrap\">\n\t\t\t\t\t\t\t\t\t<\/div>\n\t\t<\/div>\n\t\t\t\t\t\t\t<\/div>\n\t\t<\/section>\n\t\t\t\t<section class=\"elementor-section elementor-top-section elementor-element elementor-element-ae8a190 elementor-reverse-tablet elementor-reverse-mobile elementor-section-boxed elementor-section-height-default elementor-section-height-default\" data-id=\"ae8a190\" data-element_type=\"section\">\n\t\t\t\t\t\t<div class=\"elementor-container elementor-column-gap-default\">\n\t\t\t\t\t<div class=\"elementor-column elementor-col-50 elementor-top-column elementor-element elementor-element-2ba9075\" data-id=\"2ba9075\" data-element_type=\"column\">\n\t\t\t<div class=\"elementor-widget-wrap elementor-element-populated\">\n\t\t\t\t\t\t\t\t<div class=\"elementor-element elementor-element-605041c elementor-widget elementor-widget-heading\" data-id=\"605041c\" data-element_type=\"widget\" data-widget_type=\"heading.default\">\n\t\t\t\t<div class=\"elementor-widget-container\">\n\t\t\t<h6 class=\"elementor-heading-title elementor-size-default\">Remolques Hechos a Medida, Calidad que te Acompa\u00f1a en el Camino<\/h6>\t\t<\/div>\n\t\t\t\t<\/div>\n\t\t\t\t<div class=\"elementor-element elementor-element-4a72d20 elementor-widget elementor-widget-text-editor\" data-id=\"4a72d20\" data-element_type=\"widget\" data-widget_type=\"text-editor.default\">\n\t\t\t\t<div class=\"elementor-widget-container\">\n\t\t\t\t\t\t\t<p>llevamos la fabricaci\u00f3n de remolques a un nuevo nivel, combinando dise\u00f1o innovador, materiales de primera calidad y una mano de obra experta. Nuestros remolques no solo est\u00e1n dise\u00f1ados para cumplir con tus expectativas m\u00e1s exigentes, sino para superarlas, ofreciendo soluciones de transporte vers\u00e1tiles y duraderas. Ya sea para necesidades industriales, comerciales o personales, cada remolque es construido con el compromiso de seguridad, eficiencia y durabilidad en mente.<\/p>\t\t\t\t\t\t<\/div>\n\t\t\t\t<\/div>\n\t\t\t\t\t<\/div>\n\t\t<\/div>\n\t\t\t\t<div class=\"elementor-column elementor-col-50 elementor-top-column elementor-element elementor-element-162fc27\" data-id=\"162fc27\" data-element_type=\"column\">\n\t\t\t<div class=\"elementor-widget-wrap elementor-element-populated\">\n\t\t\t\t\t\t\t\t<div class=\"elementor-element elementor-element-b25ee7d elementor-widget elementor-widget-image\" data-id=\"b25ee7d\" data-element_type=\"widget\" data-widget_type=\"image.default\">\n\t\t\t\t<div class=\"elementor-widget-container\">\n\t\t\t\t\t\t\t\t\t\t\t\t\t\t\t<img fetchpriority=\"high\" decoding=\"async\" width=\"1024\" height=\"1024\" src=\"https:\/\/grupocentrosur.cl\/wp-content\/uploads\/2026\/01\/WhatsApp-Image-2026-01-14-at-20.43.18.jpeg\" class=\"attachment-full size-full wp-image-3519\" alt=\"\" srcset=\"https:\/\/grupocentrosur.cl\/wp-content\/uploads\/2026\/01\/WhatsApp-Image-2026-01-14-at-20.43.18.jpeg 1024w, https:\/\/grupocentrosur.cl\/wp-content\/uploads\/2026\/01\/WhatsApp-Image-2026-01-14-at-20.43.18-300x300.jpeg 300w, https:\/\/grupocentrosur.cl\/wp-content\/uploads\/2026\/01\/WhatsApp-Image-2026-01-14-at-20.43.18-150x150.jpeg 150w, https:\/\/grupocentrosur.cl\/wp-content\/uploads\/2026\/01\/WhatsApp-Image-2026-01-14-at-20.43.18-768x768.jpeg 768w\" sizes=\"(max-width: 1024px) 100vw, 1024px\" \/>\t\t\t\t\t\t\t\t\t\t\t\t\t\t\t<\/div>\n\t\t\t\t<\/div>\n\t\t\t\t\t<\/div>\n\t\t<\/div>\n\t\t\t\t\t\t\t<\/div>\n\t\t<\/section>\n\t\t\t\t\t\t\t<\/div>\n\t\t","protected":false},"excerpt":{"rendered":"<p>Fabricaci\u00f3n de remolques Remolques Hechos a Medida, Calidad que te Acompa\u00f1a en el Camino llevamos la fabricaci\u00f3n de remolques a un nuevo nivel, combinando dise\u00f1o innovador, materiales de primera calidad y una mano de obra experta. Nuestros remolques no solo est\u00e1n dise\u00f1ados para cumplir con tus expectativas m\u00e1s exigentes, sino para superarlas, ofreciendo soluciones de [&hellip;]<\/p>\n","protected":false},"author":1,"featured_media":0,"parent":0,"menu_order":0,"comment_status":"closed","ping_status":"closed","template":"elementor_header_footer","meta":{"footnotes":""},"class_list":["post-3268","page","type-page","status-publish","hentry"],"_links":{"self":[{"href":"https:\/\/grupocentrosur.cl\/index.php\/wp-json\/wp\/v2\/pages\/3268","targetHints":{"allow":["GET"]}}],"collection":[{"href":"https:\/\/grupocentrosur.cl\/index.php\/wp-json\/wp\/v2\/pages"}],"about":[{"href":"https:\/\/grupocentrosur.cl\/index.php\/wp-json\/wp\/v2\/types\/page"}],"author":[{"embeddable":true,"href":"https:\/\/grupocentrosur.cl\/index.php\/wp-json\/wp\/v2\/users\/1"}],"replies":[{"embeddable":true,"href":"https:\/\/grupocentrosur.cl\/index.php\/wp-json\/wp\/v2\/comments?post=3268"}],"version-history":[{"count":13,"href":"https:\/\/grupocentrosur.cl\/index.php\/wp-json\/wp\/v2\/pages\/3268\/revisions"}],"predecessor-version":[{"id":3528,"href":"https:\/\/grupocentrosur.cl\/index.php\/wp-json\/wp\/v2\/pages\/3268\/revisions\/3528"}],"wp:attachment":[{"href":"https:\/\/grupocentrosur.cl\/index.php\/wp-json\/wp\/v2\/media?parent=3268"}],"curies":[{"name":"wp","href":"https:\/\/api.w.org\/{rel}","templated":true}]}}