{"id":3272,"date":"2024-02-07T00:58:05","date_gmt":"2024-02-07T03:58:05","guid":{"rendered":"https:\/\/grupocentrosur.cl\/?page_id=3272"},"modified":"2026-01-19T13:13:27","modified_gmt":"2026-01-19T16:13:27","slug":"fabricacion-y-montaje-industrial","status":"publish","type":"page","link":"https:\/\/grupocentrosur.cl\/index.php\/fabricacion-y-montaje-industrial\/","title":{"rendered":"Arriendo de Maquinaria"},"content":{"rendered":"\t\t<div data-elementor-type=\"wp-page\" data-elementor-id=\"3272\" class=\"elementor elementor-3272\" data-elementor-post-type=\"page\">\n\t\t\t\t\t\t\t\t\t<section class=\"elementor-section elementor-top-section elementor-element elementor-element-c3f94e2 elementor-section-boxed elementor-section-height-default elementor-section-height-default\" data-id=\"c3f94e2\" data-element_type=\"section\" data-settings=\"{&quot;background_background&quot;:&quot;classic&quot;}\">\n\t\t\t\t\t\t\t<div class=\"elementor-background-overlay\"><\/div>\n\t\t\t\t\t\t\t<div class=\"elementor-container elementor-column-gap-default\">\n\t\t\t\t\t<div class=\"elementor-column elementor-col-50 elementor-top-column elementor-element elementor-element-ef304a2\" data-id=\"ef304a2\" data-element_type=\"column\">\n\t\t\t<div class=\"elementor-widget-wrap elementor-element-populated\">\n\t\t\t\t\t\t\t\t<div class=\"elementor-element elementor-element-a660a31 elementor-widget elementor-widget-page-title\" data-id=\"a660a31\" data-element_type=\"widget\" data-widget_type=\"page-title.default\">\n\t\t\t\t<div class=\"elementor-widget-container\">\n\t\t\t\t\t\n\t\t<div class=\"hfe-page-title hfe-page-title-wrapper elementor-widget-heading\">\n\n\t\t\t\t\t\t\t\t<h2 class=\"elementor-heading-title elementor-size-default\">\n\t\t\t\t\t\t\t\t\n\t\t\t\tArriendo de Maquinaria  \n\t\t\t<\/h2 > \n\t\t\t\t\t<\/div>\n\t\t\t\t<\/div>\n\t\t\t\t<\/div>\n\t\t\t\t\t<\/div>\n\t\t<\/div>\n\t\t\t\t<div class=\"elementor-column elementor-col-50 elementor-top-column elementor-element elementor-element-78885e6 elementor-hidden-tablet elementor-hidden-phone\" data-id=\"78885e6\" data-element_type=\"column\">\n\t\t\t<div class=\"elementor-widget-wrap\">\n\t\t\t\t\t\t\t\t\t<\/div>\n\t\t<\/div>\n\t\t\t\t\t\t\t<\/div>\n\t\t<\/section>\n\t\t\t\t<section class=\"elementor-section elementor-top-section elementor-element elementor-element-ecc7aad elementor-reverse-tablet elementor-reverse-mobile elementor-section-boxed elementor-section-height-default elementor-section-height-default\" data-id=\"ecc7aad\" data-element_type=\"section\">\n\t\t\t\t\t\t<div class=\"elementor-container elementor-column-gap-default\">\n\t\t\t\t\t<div class=\"elementor-column elementor-col-50 elementor-top-column elementor-element elementor-element-f4a5c62\" data-id=\"f4a5c62\" data-element_type=\"column\">\n\t\t\t<div class=\"elementor-widget-wrap elementor-element-populated\">\n\t\t\t\t\t\t\t\t<div class=\"elementor-element elementor-element-8cb31b2 elementor-widget elementor-widget-heading\" data-id=\"8cb31b2\" data-element_type=\"widget\" data-widget_type=\"heading.default\">\n\t\t\t\t<div class=\"elementor-widget-container\">\n\t\t\t<h6 class=\"elementor-heading-title elementor-size-default\">arriendo de miniexcavadora<\/h6>\t\t<\/div>\n\t\t\t\t<\/div>\n\t\t\t\t<div class=\"elementor-element elementor-element-04c3f6f elementor-widget elementor-widget-text-editor\" data-id=\"04c3f6f\" data-element_type=\"widget\" data-widget_type=\"text-editor.default\">\n\t\t\t\t<div class=\"elementor-widget-container\">\n\t\t\t\t\t\t\t<p><strong>Arriendo de Miniexcavadora<\/strong><\/p><p>Alquiler de miniexcavadora para proyectos de construcci\u00f3n, jardiner\u00eda y excavaci\u00f3n.<\/p><p><strong>Beneficios<\/strong><\/p><p>&#8211; F\u00e1cil de transportar y maniobrar en espacios reducidos<br \/>&#8211; Ideal para excavaciones peque\u00f1as y precisas<br \/>&#8211; Operador capacitado disponible<\/p><p>Tarifas acorde al mercado<\/p><p><strong>Contacto<\/strong><\/p><p>Para obtener m\u00e1s informaci\u00f3n y reservar tu miniexcavadora, no dudes en contactarnos.<\/p><p>Whatsapp <a href=\"https:\/\/wa.me\/message\/Z2ORTLJGKTUIO1\">+56961859252<\/a><\/p>\t\t\t\t\t\t<\/div>\n\t\t\t\t<\/div>\n\t\t\t\t\t<\/div>\n\t\t<\/div>\n\t\t\t\t<div class=\"elementor-column elementor-col-50 elementor-top-column elementor-element elementor-element-3bfb816\" data-id=\"3bfb816\" data-element_type=\"column\">\n\t\t\t<div class=\"elementor-widget-wrap elementor-element-populated\">\n\t\t\t\t\t\t\t\t<div class=\"elementor-element elementor-element-09bfa46 elementor-widget elementor-widget-image\" data-id=\"09bfa46\" data-element_type=\"widget\" data-widget_type=\"image.default\">\n\t\t\t\t<div class=\"elementor-widget-container\">\n\t\t\t\t\t\t\t\t\t\t\t\t\t\t\t<img fetchpriority=\"high\" decoding=\"async\" width=\"600\" height=\"450\" src=\"https:\/\/grupocentrosur.cl\/wp-content\/uploads\/2026\/01\/3.jpg\" class=\"attachment-full size-full wp-image-3556\" alt=\"\" srcset=\"https:\/\/grupocentrosur.cl\/wp-content\/uploads\/2026\/01\/3.jpg 600w, https:\/\/grupocentrosur.cl\/wp-content\/uploads\/2026\/01\/3-300x225.jpg 300w\" sizes=\"(max-width: 600px) 100vw, 600px\" \/>\t\t\t\t\t\t\t\t\t\t\t\t\t\t\t<\/div>\n\t\t\t\t<\/div>\n\t\t\t\t\t<\/div>\n\t\t<\/div>\n\t\t\t\t\t\t\t<\/div>\n\t\t<\/section>\n\t\t\t\t\t\t\t<\/div>\n\t\t","protected":false},"excerpt":{"rendered":"<p>Arriendo de Maquinaria arriendo de miniexcavadora Arriendo de Miniexcavadora Alquiler de miniexcavadora para proyectos de construcci\u00f3n, jardiner\u00eda y excavaci\u00f3n. Beneficios &#8211; F\u00e1cil de transportar y maniobrar en espacios reducidos&#8211; Ideal para excavaciones peque\u00f1as y precisas&#8211; Operador capacitado disponible Tarifas acorde al mercado Contacto Para obtener m\u00e1s informaci\u00f3n y reservar tu miniexcavadora, no dudes en contactarnos. [&hellip;]<\/p>\n","protected":false},"author":1,"featured_media":0,"parent":0,"menu_order":0,"comment_status":"closed","ping_status":"closed","template":"elementor_header_footer","meta":{"footnotes":""},"class_list":["post-3272","page","type-page","status-publish","hentry"],"_links":{"self":[{"href":"https:\/\/grupocentrosur.cl\/index.php\/wp-json\/wp\/v2\/pages\/3272","targetHints":{"allow":["GET"]}}],"collection":[{"href":"https:\/\/grupocentrosur.cl\/index.php\/wp-json\/wp\/v2\/pages"}],"about":[{"href":"https:\/\/grupocentrosur.cl\/index.php\/wp-json\/wp\/v2\/types\/page"}],"author":[{"embeddable":true,"href":"https:\/\/grupocentrosur.cl\/index.php\/wp-json\/wp\/v2\/users\/1"}],"replies":[{"embeddable":true,"href":"https:\/\/grupocentrosur.cl\/index.php\/wp-json\/wp\/v2\/comments?post=3272"}],"version-history":[{"count":23,"href":"https:\/\/grupocentrosur.cl\/index.php\/wp-json\/wp\/v2\/pages\/3272\/revisions"}],"predecessor-version":[{"id":3629,"href":"https:\/\/grupocentrosur.cl\/index.php\/wp-json\/wp\/v2\/pages\/3272\/revisions\/3629"}],"wp:attachment":[{"href":"https:\/\/grupocentrosur.cl\/index.php\/wp-json\/wp\/v2\/media?parent=3272"}],"curies":[{"name":"wp","href":"https:\/\/api.w.org\/{rel}","templated":true}]}}