{"id":3274,"date":"2024-02-07T00:58:31","date_gmt":"2024-02-07T03:58:31","guid":{"rendered":"https:\/\/grupocentrosur.cl\/?page_id=3274"},"modified":"2026-01-17T18:45:36","modified_gmt":"2026-01-17T21:45:36","slug":"estructuras-metalicas","status":"publish","type":"page","link":"https:\/\/grupocentrosur.cl\/index.php\/estructuras-metalicas\/","title":{"rendered":"Estructuras met\u00e1licas"},"content":{"rendered":"\t\t<div data-elementor-type=\"wp-page\" data-elementor-id=\"3274\" class=\"elementor elementor-3274\" data-elementor-post-type=\"page\">\n\t\t\t\t\t\t\t\t\t<section class=\"elementor-section elementor-top-section elementor-element elementor-element-119a3c4 elementor-section-boxed elementor-section-height-default elementor-section-height-default\" data-id=\"119a3c4\" data-element_type=\"section\" data-settings=\"{&quot;background_background&quot;:&quot;classic&quot;}\">\n\t\t\t\t\t\t\t<div class=\"elementor-background-overlay\"><\/div>\n\t\t\t\t\t\t\t<div class=\"elementor-container elementor-column-gap-default\">\n\t\t\t\t\t<div class=\"elementor-column elementor-col-50 elementor-top-column elementor-element elementor-element-ad1c502\" data-id=\"ad1c502\" data-element_type=\"column\">\n\t\t\t<div class=\"elementor-widget-wrap elementor-element-populated\">\n\t\t\t\t\t\t\t\t<div class=\"elementor-element elementor-element-04cdf57 elementor-widget elementor-widget-page-title\" data-id=\"04cdf57\" data-element_type=\"widget\" data-widget_type=\"page-title.default\">\n\t\t\t\t<div class=\"elementor-widget-container\">\n\t\t\t\t\t\n\t\t<div class=\"hfe-page-title hfe-page-title-wrapper elementor-widget-heading\">\n\n\t\t\t\t\t\t\t\t<h2 class=\"elementor-heading-title elementor-size-default\">\n\t\t\t\t\t\t\t\t\n\t\t\t\tEstructuras met\u00e1licas  \n\t\t\t<\/h2 > \n\t\t\t\t\t<\/div>\n\t\t\t\t<\/div>\n\t\t\t\t<\/div>\n\t\t\t\t\t<\/div>\n\t\t<\/div>\n\t\t\t\t<div class=\"elementor-column elementor-col-50 elementor-top-column elementor-element elementor-element-6403c79 elementor-hidden-tablet elementor-hidden-phone\" data-id=\"6403c79\" data-element_type=\"column\">\n\t\t\t<div class=\"elementor-widget-wrap\">\n\t\t\t\t\t\t\t\t\t<\/div>\n\t\t<\/div>\n\t\t\t\t\t\t\t<\/div>\n\t\t<\/section>\n\t\t\t\t<section class=\"elementor-section elementor-top-section elementor-element elementor-element-af24572 elementor-reverse-tablet elementor-reverse-mobile elementor-section-boxed elementor-section-height-default elementor-section-height-default\" data-id=\"af24572\" data-element_type=\"section\">\n\t\t\t\t\t\t<div class=\"elementor-container elementor-column-gap-default\">\n\t\t\t\t\t<div class=\"elementor-column elementor-col-50 elementor-top-column elementor-element elementor-element-72bd470\" data-id=\"72bd470\" data-element_type=\"column\">\n\t\t\t<div class=\"elementor-widget-wrap elementor-element-populated\">\n\t\t\t\t\t\t\t\t<div class=\"elementor-element elementor-element-e0b74c7 elementor-widget elementor-widget-heading\" data-id=\"e0b74c7\" data-element_type=\"widget\" data-widget_type=\"heading.default\">\n\t\t\t\t<div class=\"elementor-widget-container\">\n\t\t\t<h6 class=\"elementor-heading-title elementor-size-default\">Estructuras con altos est\u00e1ndares.<\/h6>\t\t<\/div>\n\t\t\t\t<\/div>\n\t\t\t\t<div class=\"elementor-element elementor-element-4ed1cfb elementor-widget elementor-widget-text-editor\" data-id=\"4ed1cfb\" data-element_type=\"widget\" data-widget_type=\"text-editor.default\">\n\t\t\t\t<div class=\"elementor-widget-container\">\n\t\t\t\t\t\t\t<p>Nuestro servicio de fabricaci\u00f3n y montaje de estructuras industriales se basa en la precisi\u00f3n, la eficiencia y la innovaci\u00f3n. En Grupo Centro Sur, llevamos a cabo proyectos complejos, entregando estructuras que no solo cumplen con las especificaciones t\u00e9cnicas m\u00e1s estrictas, sino que tambi\u00e9n optimizan los espacios y mejoran la funcionalidad. Con un enfoque en la calidad y la seguridad, nuestro equipo experto asegura la ejecuci\u00f3n impecable de cada proyecto, desde estructuras met\u00e1licas hasta instalaciones industriales completas.<\/p>\t\t\t\t\t\t<\/div>\n\t\t\t\t<\/div>\n\t\t\t\t\t<\/div>\n\t\t<\/div>\n\t\t\t\t<div class=\"elementor-column elementor-col-50 elementor-top-column elementor-element elementor-element-fa7f2aa\" data-id=\"fa7f2aa\" data-element_type=\"column\">\n\t\t\t<div class=\"elementor-widget-wrap elementor-element-populated\">\n\t\t\t\t\t\t\t\t<div class=\"elementor-element elementor-element-7431f78 elementor-widget elementor-widget-image\" data-id=\"7431f78\" data-element_type=\"widget\" data-widget_type=\"image.default\">\n\t\t\t\t<div class=\"elementor-widget-container\">\n\t\t\t\t\t\t\t\t\t\t\t\t\t\t\t<img fetchpriority=\"high\" decoding=\"async\" width=\"2560\" height=\"1847\" src=\"https:\/\/grupocentrosur.cl\/wp-content\/uploads\/2026\/01\/soldador-scaled.jpg\" class=\"attachment-full size-full wp-image-3540\" alt=\"\" srcset=\"https:\/\/grupocentrosur.cl\/wp-content\/uploads\/2026\/01\/soldador-scaled.jpg 2560w, https:\/\/grupocentrosur.cl\/wp-content\/uploads\/2026\/01\/soldador-300x216.jpg 300w, https:\/\/grupocentrosur.cl\/wp-content\/uploads\/2026\/01\/soldador-1024x739.jpg 1024w, https:\/\/grupocentrosur.cl\/wp-content\/uploads\/2026\/01\/soldador-768x554.jpg 768w, https:\/\/grupocentrosur.cl\/wp-content\/uploads\/2026\/01\/soldador-1536x1108.jpg 1536w, https:\/\/grupocentrosur.cl\/wp-content\/uploads\/2026\/01\/soldador-2048x1477.jpg 2048w\" sizes=\"(max-width: 2560px) 100vw, 2560px\" \/>\t\t\t\t\t\t\t\t\t\t\t\t\t\t\t<\/div>\n\t\t\t\t<\/div>\n\t\t\t\t\t<\/div>\n\t\t<\/div>\n\t\t\t\t\t\t\t<\/div>\n\t\t<\/section>\n\t\t\t\t\t\t\t<\/div>\n\t\t","protected":false},"excerpt":{"rendered":"<p>Estructuras met\u00e1licas Estructuras con altos est\u00e1ndares. Nuestro servicio de fabricaci\u00f3n y montaje de estructuras industriales se basa en la precisi\u00f3n, la eficiencia y la innovaci\u00f3n. En Grupo Centro Sur, llevamos a cabo proyectos complejos, entregando estructuras que no solo cumplen con las especificaciones t\u00e9cnicas m\u00e1s estrictas, sino que tambi\u00e9n optimizan los espacios y mejoran la [&hellip;]<\/p>\n","protected":false},"author":1,"featured_media":0,"parent":0,"menu_order":0,"comment_status":"closed","ping_status":"closed","template":"elementor_header_footer","meta":{"footnotes":""},"class_list":["post-3274","page","type-page","status-publish","hentry"],"_links":{"self":[{"href":"https:\/\/grupocentrosur.cl\/index.php\/wp-json\/wp\/v2\/pages\/3274","targetHints":{"allow":["GET"]}}],"collection":[{"href":"https:\/\/grupocentrosur.cl\/index.php\/wp-json\/wp\/v2\/pages"}],"about":[{"href":"https:\/\/grupocentrosur.cl\/index.php\/wp-json\/wp\/v2\/types\/page"}],"author":[{"embeddable":true,"href":"https:\/\/grupocentrosur.cl\/index.php\/wp-json\/wp\/v2\/users\/1"}],"replies":[{"embeddable":true,"href":"https:\/\/grupocentrosur.cl\/index.php\/wp-json\/wp\/v2\/comments?post=3274"}],"version-history":[{"count":13,"href":"https:\/\/grupocentrosur.cl\/index.php\/wp-json\/wp\/v2\/pages\/3274\/revisions"}],"predecessor-version":[{"id":3543,"href":"https:\/\/grupocentrosur.cl\/index.php\/wp-json\/wp\/v2\/pages\/3274\/revisions\/3543"}],"wp:attachment":[{"href":"https:\/\/grupocentrosur.cl\/index.php\/wp-json\/wp\/v2\/media?parent=3274"}],"curies":[{"name":"wp","href":"https:\/\/api.w.org\/{rel}","templated":true}]}}