{"id":3276,"date":"2024-02-07T01:09:15","date_gmt":"2024-02-07T04:09:15","guid":{"rendered":"https:\/\/grupocentrosur.cl\/?page_id=3276"},"modified":"2026-01-17T20:57:12","modified_gmt":"2026-01-17T23:57:12","slug":"pozos-profundos-y-captacion-de-agua","status":"publish","type":"page","link":"https:\/\/grupocentrosur.cl\/index.php\/pozos-profundos-y-captacion-de-agua\/","title":{"rendered":"Pozos profundos y captaci\u00f3n de agua"},"content":{"rendered":"\t\t<div data-elementor-type=\"wp-page\" data-elementor-id=\"3276\" class=\"elementor elementor-3276\" data-elementor-post-type=\"page\">\n\t\t\t\t\t\t\t\t\t<section class=\"elementor-section elementor-top-section elementor-element elementor-element-dff9126 elementor-section-boxed elementor-section-height-default elementor-section-height-default\" data-id=\"dff9126\" data-element_type=\"section\" data-settings=\"{&quot;background_background&quot;:&quot;classic&quot;}\">\n\t\t\t\t\t\t\t<div class=\"elementor-background-overlay\"><\/div>\n\t\t\t\t\t\t\t<div class=\"elementor-container elementor-column-gap-default\">\n\t\t\t\t\t<div class=\"elementor-column elementor-col-50 elementor-top-column elementor-element elementor-element-50435e6\" data-id=\"50435e6\" data-element_type=\"column\">\n\t\t\t<div class=\"elementor-widget-wrap elementor-element-populated\">\n\t\t\t\t\t\t\t\t<div class=\"elementor-element elementor-element-3388597 elementor-widget elementor-widget-page-title\" data-id=\"3388597\" data-element_type=\"widget\" data-widget_type=\"page-title.default\">\n\t\t\t\t<div class=\"elementor-widget-container\">\n\t\t\t\t\t\n\t\t<div class=\"hfe-page-title hfe-page-title-wrapper elementor-widget-heading\">\n\n\t\t\t\t\t\t\t\t<h2 class=\"elementor-heading-title elementor-size-default\">\n\t\t\t\t\t\t\t\t\n\t\t\t\tPozos profundos y captaci\u00f3n de agua  \n\t\t\t<\/h2 > \n\t\t\t\t\t<\/div>\n\t\t\t\t<\/div>\n\t\t\t\t<\/div>\n\t\t\t\t\t<\/div>\n\t\t<\/div>\n\t\t\t\t<div class=\"elementor-column elementor-col-50 elementor-top-column elementor-element elementor-element-3daf0eb elementor-hidden-tablet elementor-hidden-phone\" data-id=\"3daf0eb\" data-element_type=\"column\">\n\t\t\t<div class=\"elementor-widget-wrap\">\n\t\t\t\t\t\t\t\t\t<\/div>\n\t\t<\/div>\n\t\t\t\t\t\t\t<\/div>\n\t\t<\/section>\n\t\t\t\t<section class=\"elementor-section elementor-top-section elementor-element elementor-element-4754c30 elementor-reverse-tablet elementor-reverse-mobile elementor-section-boxed elementor-section-height-default elementor-section-height-default\" data-id=\"4754c30\" data-element_type=\"section\">\n\t\t\t\t\t\t<div class=\"elementor-container elementor-column-gap-default\">\n\t\t\t\t\t<div class=\"elementor-column elementor-col-50 elementor-top-column elementor-element elementor-element-9cc2de4\" data-id=\"9cc2de4\" data-element_type=\"column\">\n\t\t\t<div class=\"elementor-widget-wrap elementor-element-populated\">\n\t\t\t\t\t\t\t\t<div class=\"elementor-element elementor-element-62ed2d7 elementor-widget elementor-widget-heading\" data-id=\"62ed2d7\" data-element_type=\"widget\" data-widget_type=\"heading.default\">\n\t\t\t\t<div class=\"elementor-widget-container\">\n\t\t\t<h6 class=\"elementor-heading-title elementor-size-default\">Agua a tu alcance, profundidad que marca la diferencia<\/h6>\t\t<\/div>\n\t\t\t\t<\/div>\n\t\t\t\t<div class=\"elementor-element elementor-element-042b15f elementor-widget elementor-widget-text-editor\" data-id=\"042b15f\" data-element_type=\"widget\" data-widget_type=\"text-editor.default\">\n\t\t\t\t<div class=\"elementor-widget-container\">\n\t\t\t\t\t\t\t<p>En Grupo Centro Sur, somos expertos en la fabricaci\u00f3n de pozos profundos, proporcionando soluciones integrales para el suministro de agua. Utilizamos las \u00faltimas tecnolog\u00edas y m\u00e9todos sostenibles para asegurar la extracci\u00f3n eficiente y segura del agua subterr\u00e1nea. Nuestro equipo de especialistas se encarga de todo el proceso, desde la planificaci\u00f3n y el dise\u00f1o hasta la perforaci\u00f3n y el mantenimiento, garantizando sistemas de captaci\u00f3n de agua que cumplen con los m\u00e1s altos est\u00e1ndares de calidad y sostenibilidad.<\/p>\t\t\t\t\t\t<\/div>\n\t\t\t\t<\/div>\n\t\t\t\t\t<\/div>\n\t\t<\/div>\n\t\t\t\t<div class=\"elementor-column elementor-col-50 elementor-top-column elementor-element elementor-element-584f547\" data-id=\"584f547\" data-element_type=\"column\">\n\t\t\t<div class=\"elementor-widget-wrap elementor-element-populated\">\n\t\t\t\t\t\t\t\t<div class=\"elementor-element elementor-element-459ee83 elementor-widget elementor-widget-image\" data-id=\"459ee83\" data-element_type=\"widget\" data-widget_type=\"image.default\">\n\t\t\t\t<div class=\"elementor-widget-container\">\n\t\t\t\t\t\t\t\t\t\t\t\t\t\t\t<img fetchpriority=\"high\" decoding=\"async\" width=\"1200\" height=\"1600\" src=\"https:\/\/grupocentrosur.cl\/wp-content\/uploads\/2026\/01\/WhatsApp-Image-2026-01-09-at-17.59.29.jpeg\" class=\"attachment-full size-full wp-image-3441\" alt=\"\" srcset=\"https:\/\/grupocentrosur.cl\/wp-content\/uploads\/2026\/01\/WhatsApp-Image-2026-01-09-at-17.59.29.jpeg 1200w, https:\/\/grupocentrosur.cl\/wp-content\/uploads\/2026\/01\/WhatsApp-Image-2026-01-09-at-17.59.29-225x300.jpeg 225w, https:\/\/grupocentrosur.cl\/wp-content\/uploads\/2026\/01\/WhatsApp-Image-2026-01-09-at-17.59.29-768x1024.jpeg 768w, https:\/\/grupocentrosur.cl\/wp-content\/uploads\/2026\/01\/WhatsApp-Image-2026-01-09-at-17.59.29-1152x1536.jpeg 1152w\" sizes=\"(max-width: 1200px) 100vw, 1200px\" \/>\t\t\t\t\t\t\t\t\t\t\t\t\t\t\t<\/div>\n\t\t\t\t<\/div>\n\t\t\t\t\t<\/div>\n\t\t<\/div>\n\t\t\t\t\t\t\t<\/div>\n\t\t<\/section>\n\t\t\t\t\t\t\t<\/div>\n\t\t","protected":false},"excerpt":{"rendered":"<p>Pozos profundos y captaci\u00f3n de agua Agua a tu alcance, profundidad que marca la diferencia En Grupo Centro Sur, somos expertos en la fabricaci\u00f3n de pozos profundos, proporcionando soluciones integrales para el suministro de agua. Utilizamos las \u00faltimas tecnolog\u00edas y m\u00e9todos sostenibles para asegurar la extracci\u00f3n eficiente y segura del agua subterr\u00e1nea. Nuestro equipo de [&hellip;]<\/p>\n","protected":false},"author":1,"featured_media":0,"parent":0,"menu_order":0,"comment_status":"closed","ping_status":"closed","template":"elementor_header_footer","meta":{"footnotes":""},"class_list":["post-3276","page","type-page","status-publish","hentry"],"_links":{"self":[{"href":"https:\/\/grupocentrosur.cl\/index.php\/wp-json\/wp\/v2\/pages\/3276","targetHints":{"allow":["GET"]}}],"collection":[{"href":"https:\/\/grupocentrosur.cl\/index.php\/wp-json\/wp\/v2\/pages"}],"about":[{"href":"https:\/\/grupocentrosur.cl\/index.php\/wp-json\/wp\/v2\/types\/page"}],"author":[{"embeddable":true,"href":"https:\/\/grupocentrosur.cl\/index.php\/wp-json\/wp\/v2\/users\/1"}],"replies":[{"embeddable":true,"href":"https:\/\/grupocentrosur.cl\/index.php\/wp-json\/wp\/v2\/comments?post=3276"}],"version-history":[{"count":16,"href":"https:\/\/grupocentrosur.cl\/index.php\/wp-json\/wp\/v2\/pages\/3276\/revisions"}],"predecessor-version":[{"id":3617,"href":"https:\/\/grupocentrosur.cl\/index.php\/wp-json\/wp\/v2\/pages\/3276\/revisions\/3617"}],"wp:attachment":[{"href":"https:\/\/grupocentrosur.cl\/index.php\/wp-json\/wp\/v2\/media?parent=3276"}],"curies":[{"name":"wp","href":"https:\/\/api.w.org\/{rel}","templated":true}]}}